{"id":8,"date":"2022-05-31T20:54:25","date_gmt":"2022-05-31T18:54:25","guid":{"rendered":"https:\/\/www.mep-psychologue.fr\/?page_id=8"},"modified":"2025-09-28T14:35:08","modified_gmt":"2025-09-28T12:35:08","slug":"accueil","status":"publish","type":"page","link":"https:\/\/www.mep-psychologue.fr\/","title":{"rendered":""},"content":{"rendered":"\n<p>Vous ressentez un mal-\u00eatre psychologique ou rencontrez des difficult\u00e9s dans votre quotidien ? Choisir le professionnel \u00e0 qui en parler est une \u00e9tape importante du processus de changement que vous allez entreprendre. Je vous invite \u00e0 parcourir les diff\u00e9rentes cat\u00e9gories ci-dessous pour faire connaissance avec moi et reste \u00e0 votre disposition, par mail ou par t\u00e9l\u00e9phone, si vous avez d&#8217;autres questions.<\/p>\n","protected":false},"excerpt":{"rendered":"<p>Vous ressentez un mal-\u00eatre psychologique ou rencontrez des difficult\u00e9s dans votre quotidien ? Choisir le professionnel \u00e0 qui en parler est une \u00e9tape importante du processus de changement que vous allez entreprendre. Je vous invite \u00e0 parcourir les diff\u00e9rentes cat\u00e9gories ci-dessous pour faire connaissance avec moi et reste \u00e0 votre disposition, par mail ou par &hellip; <\/p>\n<p class=\"link-more\"><a href=\"https:\/\/www.mep-psychologue.fr\/\" class=\"more-link\">Continue reading<span class=\"screen-reader-text\"> &#8220;&#8221;<\/span><\/a><\/p>\n","protected":false},"author":1,"featured_media":0,"parent":0,"menu_order":0,"comment_status":"closed","ping_status":"closed","template":"","meta":{"footnotes":""},"class_list":["post-8","page","type-page","status-publish","hentry"],"_links":{"self":[{"href":"https:\/\/www.mep-psychologue.fr\/index.php\/wp-json\/wp\/v2\/pages\/8","targetHints":{"allow":["GET"]}}],"collection":[{"href":"https:\/\/www.mep-psychologue.fr\/index.php\/wp-json\/wp\/v2\/pages"}],"about":[{"href":"https:\/\/www.mep-psychologue.fr\/index.php\/wp-json\/wp\/v2\/types\/page"}],"author":[{"embeddable":true,"href":"https:\/\/www.mep-psychologue.fr\/index.php\/wp-json\/wp\/v2\/users\/1"}],"replies":[{"embeddable":true,"href":"https:\/\/www.mep-psychologue.fr\/index.php\/wp-json\/wp\/v2\/comments?post=8"}],"version-history":[{"count":11,"href":"https:\/\/www.mep-psychologue.fr\/index.php\/wp-json\/wp\/v2\/pages\/8\/revisions"}],"predecessor-version":[{"id":316,"href":"https:\/\/www.mep-psychologue.fr\/index.php\/wp-json\/wp\/v2\/pages\/8\/revisions\/316"}],"wp:attachment":[{"href":"https:\/\/www.mep-psychologue.fr\/index.php\/wp-json\/wp\/v2\/media?parent=8"}],"curies":[{"name":"wp","href":"https:\/\/api.w.org\/{rel}","templated":true}]}}